{"id":235714,"date":"2019-07-02T17:42:54","date_gmt":"2019-07-02T15:42:54","guid":{"rendered":"https:\/\/herstellerverband.de\/?page_id=235714"},"modified":"2021-10-21T16:21:02","modified_gmt":"2021-10-21T14:21:02","slug":"widerruf-endverbraucher","status":"publish","type":"page","link":"https:\/\/herstellerverband.de\/shop\/widerruf-endverbraucher\/","title":{"rendered":"Widerrufsrecht f\u00fcr Endverbraucher"},"content":{"rendered":"<p>[et_pb_section fb_built=&#8220;1&#8243; admin_label=&#8220;Hero&#8220; _builder_version=&#8220;3.22.3&#8243; use_background_color_gradient=&#8220;on&#8220; background_color_gradient_start=&#8220;#467F20&#8243; background_color_gradient_end=&#8220;#8A1B01&#8243; background_color_gradient_type=&#8220;radial&#8220; background_color_gradient_direction_radial=&#8220;top right&#8220; background_color_gradient_start_position=&#8220;10%&#8220; background_color_gradient_overlays_image=&#8220;on&#8220; custom_padding=&#8220;0|0|7px||false|false&#8220; global_colors_info=&#8220;{}&#8220;][et_pb_row _builder_version=&#8220;3.25&#8243; custom_margin=&#8220;|||&#8220; custom_padding=&#8220;27px|0px|2px|0px|false|false&#8220; global_colors_info=&#8220;{}&#8220;][et_pb_column type=&#8220;4_4&#8243; _builder_version=&#8220;3.25&#8243; custom_padding=&#8220;|||&#8220; global_colors_info=&#8220;{}&#8220; custom_padding__hover=&#8220;|||&#8220;][et_pb_text _builder_version=&#8220;3.27.4&#8243; text_font=&#8220;Open Sans||||||||&#8220; text_font_size=&#8220;20px&#8220; text_line_height=&#8220;2em&#8220; header_font=&#8220;|800||on|||||&#8220; header_font_size=&#8220;48px&#8220; header_line_height=&#8220;1.4em&#8220; background_layout=&#8220;dark&#8220; max_width=&#8220;700px&#8220; text_font_size_tablet=&#8220;&#8220; text_font_size_phone=&#8220;16px&#8220; text_font_size_last_edited=&#8220;on|phone&#8220; header_font_size_tablet=&#8220;44px&#8220; header_font_size_phone=&#8220;24px&#8220; header_font_size_last_edited=&#8220;on|desktop&#8220; header_line_height_tablet=&#8220;1.4em&#8220; header_line_height_phone=&#8220;1.4em&#8220; header_line_height_last_edited=&#8220;on|desktop&#8220; header_text_shadow_style=&#8220;preset1&#8243; global_colors_info=&#8220;{}&#8220;]<\/p>\n<h1>Impressum<\/h1>\n<p>[\/et_pb_text][\/et_pb_column][\/et_pb_row][\/et_pb_section][et_pb_section fb_built=&#8220;1&#8243; admin_label=&#8220;Services&#8220; _builder_version=&#8220;3.22.3&#8243; custom_padding=&#8220;0|0|54px|0px|false|false&#8220; global_colors_info=&#8220;{}&#8220;][et_pb_row column_structure=&#8220;2_3,1_3&#8243; use_custom_gutter=&#8220;on&#8220; gutter_width=&#8220;1&#8243; padding_top_bottom_link_2=&#8220;true&#8220; padding_left_right_link_2=&#8220;true&#8220; _builder_version=&#8220;3.25&#8243; custom_padding=&#8220;0|0px|27px|0px|false|false&#8220; animation_style=&#8220;slide&#8220; animation_direction=&#8220;top&#8220; animation_intensity_slide=&#8220;20%&#8220; locked=&#8220;off&#8220; global_colors_info=&#8220;{}&#8220;][et_pb_column type=&#8220;2_3&#8243; _builder_version=&#8220;3.25&#8243; custom_padding=&#8220;|||&#8220; global_colors_info=&#8220;{}&#8220; custom_padding__hover=&#8220;|||&#8220;][et_pb_text _builder_version=&#8220;3.27.4&#8243; text_font=&#8220;||||||||&#8220; ul_font=&#8220;||||||||&#8220; ol_font=&#8220;||||||||&#8220; quote_font=&#8220;||||||||&#8220; header_font=&#8220;||||||||&#8220; header_2_font=&#8220;|800||on|||||&#8220; header_2_font_size=&#8220;24px&#8220; header_2_line_height=&#8220;1.8em&#8220; header_3_font=&#8220;||||||||&#8220; header_4_font=&#8220;|800||on|||||&#8220; header_4_font_size=&#8220;16px&#8220; header_4_letter_spacing=&#8220;0.5px&#8220; header_4_line_height=&#8220;1.7em&#8220; header_5_font=&#8220;||||||||&#8220; header_6_font=&#8220;||||||||&#8220; background_color=&#8220;#efefef&#8220; padding_1_last_edited=&#8220;on|desktop&#8220; custom_padding=&#8220;30px|50px|30px|50px|true|true|20px|10%|20px|10%|true|true||on|desktop&#8220; custom_padding_tablet=&#8220;&#8220; custom_padding_phone=&#8220;20px|10%|20px|10%|true|true&#8220; custom_padding_last_edited=&#8220;on|phone&#8220; header_2_font_size_tablet=&#8220;&#8220; header_2_font_size_phone=&#8220;18px&#8220; header_2_font_size_last_edited=&#8220;on|phone&#8220; locked=&#8220;off&#8220; global_colors_info=&#8220;{}&#8220;]<\/p>\n<h4>Der Herstellerverband Haus und Garten<\/h4>\n<h2>Ein Verband auf Wachstumskurs<\/h2>\n<p>[\/et_pb_text][\/et_pb_column][et_pb_column type=&#8220;1_3&#8243; _builder_version=&#8220;3.25&#8243; custom_padding=&#8220;50px|50px|50px|50px&#8220; custom_padding_tablet=&#8220;&#8220; custom_padding_phone=&#8220;20px|10%|20px|10%|true|true&#8220; custom_padding_last_edited=&#8220;on|phone&#8220; global_colors_info=&#8220;{}&#8220; custom_padding__hover=&#8220;|||&#8220;][\/et_pb_column][\/et_pb_row][et_pb_row admin_label=&#8220;Main Services&#8220; _builder_version=&#8220;3.25&#8243; custom_margin=&#8220;11px|auto|11px|405px|true|&#8220; custom_padding=&#8220;|||&#8220; global_colors_info=&#8220;{}&#8220;][et_pb_column type=&#8220;4_4&#8243; _builder_version=&#8220;3.25&#8243; custom_padding=&#8220;|||&#8220; custom_padding_tablet=&#8220;||40px|&#8220; custom_padding_phone=&#8220;||40px|&#8220; custom_padding_last_edited=&#8220;off|desktop&#8220; global_colors_info=&#8220;{}&#8220; custom_padding__hover=&#8220;|||&#8220;][et_pb_text _builder_version=&#8220;4.11.3&#8243; header_font=&#8220;||||||||&#8220; header_2_font=&#8220;|700||on|||||&#8220; header_2_line_height=&#8220;2em&#8220; global_colors_info=&#8220;{}&#8220;]<\/p>\n<h2>Widerrufsrecht f\u00fcr Endverbraucher<\/h2>\n<p>Wenn Sie den Vertrag widerrufen wollen, dann f\u00fcllen Sie bitte dieses Formular aus und senden Sie es zur\u00fcck.<\/p>\n<p>An<\/p>\n<p>Herstellerverband Hause und Garten e.V.<br \/>Deutz-M\u00fclheimer Str. 30<br \/>50679 K\u00f6ln<\/p>\n<p>Hiermit widerrufe\/n ich\/wir den von mir\/uns abgeschlossenen Vertrag \u00fcber den Kauf der folgenden Waren\/die Erbringung der folgenden Dienstleistung:<\/p>\n<p>Bitte nennen Sie den Namen der Waren und den Preis:<\/p>\n<p>_____________________________<\/p>\n<p>_____________________________<\/p>\n<p>_____________________________<\/p>\n<p>Ware bestellt am (bitte Datum nennen):<\/p>\n<p>_____________________________<\/p>\n<p>&nbsp;<\/p>\n<p>&nbsp;<\/p>\n<p>Ware erhalten am (bitte Datum nennen):<\/p>\n<p>&nbsp;<\/p>\n<p>_____________________________<\/p>\n<p>Ihr Name und Ihre Anschrift:<\/p>\n<p>&nbsp;<\/p>\n<div class=\"SALvLe farUxc mJ2Mod\">\n<div class=\"i4J0ge\">\n<div class=\"xsZWvb EfDVh mod\" lang=\"de-DE\" data-attrid=\"kc:\/location\/location:address\" data-md=\"1002\" data-hveid=\"CBYQAQ\" data-ved=\"2ahUKEwjGpZCVw5bjAhUPJ1AKHV5UBXMQkCkwHXoECBYQAQ\">\n<div class=\"Z1hOCe\">\n<div class=\"zloOqf kno-fb-ctx\" data-dtype=\"d3ifr\" data-local-attribute=\"d3adr\" data-ved=\"2ahUKEwjGpZCVw5bjAhUPJ1AKHV5UBXMQghwoADAdegQIFhAC\">\n<div class=\"GDRHkb r-ix9X1D_inCf8\">_____________________________<\/div>\n<div class=\"GDRHkb r-ix9X1D_inCf8\">\u00a0<\/div>\n<div class=\"GDRHkb r-ix9X1D_inCf8\">\u00a0<\/div>\n<div class=\"GDRHkb r-ix9X1D_inCf8\">\u00a0<\/div>\n<div class=\"GDRHkb r-ix9X1D_inCf8\">\u00a0<\/div>\n<div class=\"GDRHkb r-ix9X1D_inCf8\">\u00a0<\/div>\n<div class=\"GDRHkb r-ix9X1D_inCf8\">\u00a0<\/div>\n<div class=\"GDRHkb r-ix9X1D_inCf8\">_____________________________<\/div>\n<div class=\"GDRHkb r-ix9X1D_inCf8\">\u00a0<\/div>\n<div class=\"GDRHkb r-ix9X1D_inCf8\">\u00a0<\/div>\n<div class=\"GDRHkb r-ix9X1D_inCf8\">_____________________________<\/div>\n<div class=\"GDRHkb r-ix9X1D_inCf8\">\u00a0<\/div>\n<div class=\"GDRHkb r-ix9X1D_inCf8\">\u00a0<\/div>\n<div class=\"GDRHkb r-ix9X1D_inCf8\">_____________________________<\/div>\n<div class=\"GDRHkb r-ix9X1D_inCf8\">\u00a0<\/div>\n<div class=\"GDRHkb r-ix9X1D_inCf8\">\u00a0<\/div>\n<div class=\"GDRHkb r-ix9X1D_inCf8\">\u00a0<\/div>\n<div class=\"GDRHkb r-ix9X1D_inCf8\">\u00a0<\/div>\n<div class=\"GDRHkb r-ix9X1D_inCf8\">Datum und Ihre Unterschrift.<\/div>\n<div class=\"GDRHkb r-ix9X1D_inCf8\">\u00a0<\/div>\n<div class=\"GDRHkb r-ix9X1D_inCf8\">\u00a0<\/div>\n<div class=\"GDRHkb r-ix9X1D_inCf8\">\n<p>Es ist auch ausreichend, wenn Sie uns mit diesen Angaben eine Email senden an\u00a0<span style=\"font-size: 14px;\">info@herstellerverband.de<\/span><\/p>\n<\/div>\n<div class=\"GDRHkb r-i0exFhOy_06k\">\u00a0<\/div>\n<\/div>\n<\/div>\n<\/div>\n<\/div>\n<\/div>\n<div class=\"mod\" lang=\"de-DE\" data-attrid=\"kc:\/location\/location:hours\" data-md=\"1005\" data-hveid=\"CBsQAA\" data-ved=\"2ahUKEwjGpZCVw5bjAhUPJ1AKHV5UBXMQkCkwH3oECBsQAA\">\n<div class=\"Z1hOCe\">\n<div>\n<div class=\"kno-fb-ctx zloOqf\" data-dtype=\"d3ifr\" data-local-attribute=\"d3oh\">\n<div>\u00a0<\/div>\n<\/div>\n<\/div>\n<\/div>\n<\/div>\n<p>[\/et_pb_text][\/et_pb_column][\/et_pb_row][\/et_pb_section]<\/p>\n","protected":false},"excerpt":{"rendered":"<p>ImpressumDer Herstellerverband Haus und Garten Ein Verband auf WachstumskursWiderrufsrecht f\u00fcr Endverbraucher Wenn Sie den Vertrag widerrufen wollen, dann f\u00fcllen Sie bitte dieses Formular aus und senden Sie es zur\u00fcck. An Herstellerverband Hause und Garten e.V.Deutz-M\u00fclheimer Str. 3050679 K\u00f6ln Hiermit widerrufe\/n ich\/wir den von mir\/uns abgeschlossenen Vertrag \u00fcber den Kauf der folgenden Waren\/die Erbringung der folgenden [&hellip;]<\/p>\n","protected":false},"author":2,"featured_media":0,"parent":0,"menu_order":0,"comment_status":"closed","ping_status":"closed","template":"","meta":{"_et_pb_use_builder":"on","_et_pb_old_content":"","_et_gb_content_width":"","footnotes":""},"class_list":["post-235714","page","type-page","status-publish","hentry"],"_links":{"self":[{"href":"https:\/\/herstellerverband.de\/shop\/wp-json\/wp\/v2\/pages\/235714"}],"collection":[{"href":"https:\/\/herstellerverband.de\/shop\/wp-json\/wp\/v2\/pages"}],"about":[{"href":"https:\/\/herstellerverband.de\/shop\/wp-json\/wp\/v2\/types\/page"}],"author":[{"embeddable":true,"href":"https:\/\/herstellerverband.de\/shop\/wp-json\/wp\/v2\/users\/2"}],"replies":[{"embeddable":true,"href":"https:\/\/herstellerverband.de\/shop\/wp-json\/wp\/v2\/comments?post=235714"}],"version-history":[{"count":0,"href":"https:\/\/herstellerverband.de\/shop\/wp-json\/wp\/v2\/pages\/235714\/revisions"}],"wp:attachment":[{"href":"https:\/\/herstellerverband.de\/shop\/wp-json\/wp\/v2\/media?parent=235714"}],"curies":[{"name":"wp","href":"https:\/\/api.w.org\/{rel}","templated":true}]}}