{"id":238917,"date":"2021-02-23T12:18:51","date_gmt":"2021-02-23T11:18:51","guid":{"rendered":"https:\/\/herstellerverband.de\/?post_type=product&#038;p=238917"},"modified":"2022-10-07T10:48:01","modified_gmt":"2022-10-07T08:48:01","slug":"studie-diy-markt-deutschland-2020-2021","status":"publish","type":"product","link":"https:\/\/herstellerverband.de\/shop\/produkt\/studie-diy-markt-deutschland-2020-2021\/","title":{"rendered":"Studie DIY-Markt Deutschland 2020\/2021"},"content":{"rendered":"<h4>Bestandsaufnahme und szenarischer Ausblick auf die Entwicklung im Do-It-Yourself-Markt Deutschland unter Einfluss von Covid-19<\/h4>\n<p>Das Jahr 2020 wird als ein besonderes Jahr in die Geschichte eingehen. Die Corona-Pandemie hat in Deutschland zu einer der schwersten Rezessionen der Nachkriegszeit gef\u00fchrt. Die zur Eind\u00e4mmung der Infektionszahlen ergriffenen Ma\u00dfnahmen hatten Produktionsr\u00fcckg\u00e4nge, sinkende Einkommen und reduzierte Konsumm\u00f6glichkeiten zur Folge. Lieferverz\u00f6gerungen aus besonders betroffenen L\u00e4ndern beeintr\u00e4chtigten internationale Lieferketten. Gleichzeitig hat die erh\u00f6hte Infektionsgefahr zu Verhaltens\u00e4nderungen bei den Haushalten gef\u00fchrt, private Konsumausgaben wurden reduziert oder, soweit m\u00f6glich, durch G\u00fcter und Dienstleistungen ersetzt, die mit einer geringeren Infektionswahrscheinlichkeit verbunden sind.<\/p>\n<p>Die DIY-Branche hat sich vor diesem Hintergrund stark behauptet und von einem deutlichen Nachfragezuwachs profitieren k\u00f6nnen. Dabei haben sich einige Warengruppen, Vertriebswege und Unternehmen besonders hervorgetan, andere bleiben hingegen sp\u00fcrbar hinter der Entwicklung zur\u00fcck.<\/p>\n<p>Innerhalb der besonderen Rahmenbedingungen haben sich die reinen Online-H\u00e4ndler, die Bau- und Heimwerkerm\u00e4rkte (station\u00e4r &amp; online), der Raumausstattungshandel, Fachgartencenter sowie der Holzfachhandel mit hohen, deutlich \u00fcber Marktniveau befindlichen Umsatzzuw\u00e4chsen auszeichnen k\u00f6nnen. Insgesamt (\u00fcber alle Vertriebswege) sind dabei die online generierten Ums\u00e4tze st\u00e4rker gewachsen als die station\u00e4ren Ums\u00e4tze.<\/p>\n<p>Auf Ebene der Warenkategorien zeigt sich eine besondere Wachstumsdynamik in den Gartensortimenten, wobei aber auch Heimwerker- und Baustoffsortimente hohe Zuwachsraten verbuchen konnten. Lediglich in den Erweiterungssortimenten lagen die Zuw\u00e4chse unter dem Durchschnitt des Gesamtmarktes.<\/p>\n<p>Umfassende Details zur Entwicklung des Do-It-Yourself-Marktes in Deutschland im Jahr 2020 sowie zu den Prognosen f\u00fcr 2021 finden Sie in der aktuellen Studie von Klaus-Peter Teipel <em>Der DIY-Markt Deutschland 2020\/21, <\/em>die Sie \u00fcber unseren Online-Shop als PDF-Datei (per E-Mail Download) <strong>zum Preis von 950,&#8211; Euro zzgl. MwSt.<\/strong> erwerben k\u00f6nnen. Der Link zum Download wird Ihnen nach Zahlungseingang zugesandt.<\/p>\n<p>Mitglieder im Herstellerverband Haus &amp; Garten erhalten einen\u00a0 Preisnachlass von 300,&#8211; Euro.<\/p>\n","protected":false},"excerpt":{"rendered":"<p>&nbsp;<\/p>\n<p>F\u00fcr Mitglieder bieten wir diese Studie zum Preis\u00a0 von \u20ac 650,- zzgl. MwSt an.<\/p>\n<p><a href=\"https:\/\/herstellerverband.de\/shop\/mitgliedschaft-2\/\">Werden Sie jetzt Mitglied<\/a> oder melden Sie sich mit Ihren Mitgliedsdaten im <a href=\"https:\/\/herstellerverband.de\/shop\/mein-konto\/\">Mitgliederbereich<\/a> an.<\/p>\n","protected":false},"featured_media":238931,"comment_status":"open","ping_status":"closed","template":"","meta":{"_et_pb_use_builder":"","_et_pb_old_content":"","_et_gb_content_width":""},"product_cat":[64],"product_tag":[174,173,176,175],"class_list":{"0":"post-238917","1":"product","2":"type-product","3":"status-publish","4":"has-post-thumbnail","6":"product_cat-oeffentliche-produkte","7":"product_tag-diy","8":"product_tag-do-it-yourself-markt","9":"product_tag-einfluss-von-covid-19","10":"product_tag-studie","12":"first","13":"instock","14":"downloadable","15":"virtual","16":"taxable","17":"purchasable","18":"product-type-simple"},"_links":{"self":[{"href":"https:\/\/herstellerverband.de\/shop\/wp-json\/wp\/v2\/product\/238917"}],"collection":[{"href":"https:\/\/herstellerverband.de\/shop\/wp-json\/wp\/v2\/product"}],"about":[{"href":"https:\/\/herstellerverband.de\/shop\/wp-json\/wp\/v2\/types\/product"}],"replies":[{"embeddable":true,"href":"https:\/\/herstellerverband.de\/shop\/wp-json\/wp\/v2\/comments?post=238917"}],"wp:featuredmedia":[{"embeddable":true,"href":"https:\/\/herstellerverband.de\/shop\/wp-json\/wp\/v2\/media\/238931"}],"wp:attachment":[{"href":"https:\/\/herstellerverband.de\/shop\/wp-json\/wp\/v2\/media?parent=238917"}],"wp:term":[{"taxonomy":"product_cat","embeddable":true,"href":"https:\/\/herstellerverband.de\/shop\/wp-json\/wp\/v2\/product_cat?post=238917"},{"taxonomy":"product_tag","embeddable":true,"href":"https:\/\/herstellerverband.de\/shop\/wp-json\/wp\/v2\/product_tag?post=238917"}],"curies":[{"name":"wp","href":"https:\/\/api.w.org\/{rel}","templated":true}]}}