{"id":239271,"date":"2021-10-22T10:19:38","date_gmt":"2021-10-22T08:19:38","guid":{"rendered":"https:\/\/herstellerverband.de\/?post_type=product&#038;p=239271"},"modified":"2023-05-05T20:00:48","modified_gmt":"2023-05-05T18:00:48","slug":"global-home-improvement-report-2021","status":"publish","type":"product","link":"https:\/\/herstellerverband.de\/shop\/produkt\/global-home-improvement-report-2021\/","title":{"rendered":"Global Home Improvement Report 2021"},"content":{"rendered":"<h3>Weltweit w\u00e4chst der Markt f\u00fcr Heimwerker-, Bau- und Gartenprodukte im Pandemiejahr 2020 deutlich um 13,8 Prozent<\/h3>\n<p>Trotz erheblicher wirtschaftlicher Turbulenzen und ungeahnter logistischer Herausforderungen als Folge der sich global ausbreitenden Covid-19-Pandemie erreicht der Weltmarkt f\u00fcr Heimwerkerbedarf im Jahr 2020 einen Umsatz von 701 Mrd. EUR, was einem signifikanten Anstieg von 13,8 % gegen\u00fcber dem Vorjahr (615 Mrd. EUR) entspricht.\u00a0 Auf Nordamerika und Europa zusammen entfallen rund 88 % dieses Marktes, obwohl die dort lebende Bev\u00f6lkerung nur f\u00fcr 16 % der Weltbev\u00f6lkerung steht. Das gemeinsame Marktvolumen der beiden Kontinente summiert sich auf 612 Mrd. \u20ac, und konnte sich damit um 14,39 % gegen\u00fcber dem Wert von 535 Mrd. \u20ac f\u00fcr 2019 verbessern. Nordamerika und Europa erreichen 61 % bzw. 27 % des Weltmarktes.<\/p>\n<p>Ungef\u00e4hr 82,5 % des globalen DIY-Marktes (578,14 Mrd. \u20ac) konzentrieren sich auf nur 8 L\u00e4nder: USA, Deutschland, Japan, Kanada, Vereinigtes K\u00f6nigreich, Frankreich, Australien und Italien. Dar\u00fcber hinaus machen die drei gro\u00dfen Heimwerkerm\u00e4rkte in Europa (Deutschland, das Vereinigte K\u00f6nigreich und Frankreich) 50 % des europ\u00e4ischen Marktes aus.<\/p>\n<p>Mehr Informationen \u00fcber den weltweiten DIY-Markt mit detaillierten Angaben zur Entwicklung der Handelsunternehmen in mehr als 50 L\u00e4ndern bietet der aktuelle Global Home Improvement Report 2021, der \u00fcber den Online-Shop bezogen werden kann.<br \/>\n<strong>Die Studie wird als PDF-Datei verschickt.<\/strong><\/p>\n","protected":false},"excerpt":{"rendered":"<p>F\u00fcr Mitglieder bieten wir den Report f\u00fcr \u20ac 390,- zzgl. MwSt. an.<\/p>\n<p><a href=\"https:\/\/www.herstellerverband.de\/mitgliedschaft-2\/\">Werden Sie jetzt Mitglied<\/a> oder melden sich mit Ihren Mitgliedsdaten im <a href=\"https:\/\/www.herstellerverband.de\/mein-konto\/\">Mitgliederbereich<\/a> an.<\/p>\n<p><a href=\"https:\/\/herstellerverband.de\/shop\/wp-content\/uploads\/2021\/10\/Inhaltsverzeichnis-Global-Home-Improvement-Report-2021.pdf\">Inhaltsverzeichnis <\/a><\/p>\n","protected":false},"featured_media":240452,"comment_status":"open","ping_status":"closed","template":"","meta":{"_et_pb_use_builder":"","_et_pb_old_content":"","_et_gb_content_width":""},"product_cat":[64],"product_tag":[178,174,177],"class_list":{"0":"post-239271","1":"product","2":"type-product","3":"status-publish","4":"has-post-thumbnail","6":"product_cat-oeffentliche-produkte","7":"product_tag-baumarktumsaetze","8":"product_tag-diy","9":"product_tag-home-improvement-markt","11":"first","12":"instock","13":"downloadable","14":"taxable","15":"shipping-taxable","16":"purchasable","17":"product-type-simple"},"_links":{"self":[{"href":"https:\/\/herstellerverband.de\/shop\/wp-json\/wp\/v2\/product\/239271"}],"collection":[{"href":"https:\/\/herstellerverband.de\/shop\/wp-json\/wp\/v2\/product"}],"about":[{"href":"https:\/\/herstellerverband.de\/shop\/wp-json\/wp\/v2\/types\/product"}],"replies":[{"embeddable":true,"href":"https:\/\/herstellerverband.de\/shop\/wp-json\/wp\/v2\/comments?post=239271"}],"wp:featuredmedia":[{"embeddable":true,"href":"https:\/\/herstellerverband.de\/shop\/wp-json\/wp\/v2\/media\/240452"}],"wp:attachment":[{"href":"https:\/\/herstellerverband.de\/shop\/wp-json\/wp\/v2\/media?parent=239271"}],"wp:term":[{"taxonomy":"product_cat","embeddable":true,"href":"https:\/\/herstellerverband.de\/shop\/wp-json\/wp\/v2\/product_cat?post=239271"},{"taxonomy":"product_tag","embeddable":true,"href":"https:\/\/herstellerverband.de\/shop\/wp-json\/wp\/v2\/product_tag?post=239271"}],"curies":[{"name":"wp","href":"https:\/\/api.w.org\/{rel}","templated":true}]}}